{"id":20,"date":"2015-01-09T11:25:21","date_gmt":"2015-01-09T10:25:21","guid":{"rendered":"http:\/\/stephane.runde.photography\/fr\/?page_id=20"},"modified":"2020-09-19T15:57:14","modified_gmt":"2020-09-19T14:57:14","slug":"propos","status":"publish","type":"page","link":"https:\/\/stephane.runde.photography\/fr\/propos\/","title":{"rendered":"A Propos &#8211; Biographie selective"},"content":{"rendered":"<div class=\"one\" >\n<div class=\"page_content_wrapper\">\n<div class=\"inner\">\n<div class=\"one_half content_middle animate textright\">N\u00e9 \u00e0 Paris en 1975, Je suis issu d\u2019une famille franco-allemande. Une enfance pass\u00e9e dans diff\u00e9rentes villes comme Paris, Munich, Marseille, Boston, Bormes les Mimosas me donne le sentiment d\u2019\u00eatre cosmopolite. Je pratique la photographie depuis l\u2019\u00e2ge de 11 ans. J\u2019ai re\u00e7u mon premier appareil, un Konica C35EF3, le jour de mon anniversaire cette ann\u00e9e l\u00e0. La passion pour la photographie m\u2019a \u00e9t\u00e9 transmise par mon grand-p\u00e8re et mon p\u00e8re. Enfant, lorsque je passais mes vacances \u00e0 Hambourg, chez mes grands parents paternel, j\u2019aimais aller au sous sol dans la chambre noire de mon grand p\u00e8re. J\u2019\u00e9tais \u00e9merveill\u00e9 par l\u2019\u00e9quipement et le travail qui se cachait apr\u00e8s la prise de vue. Depuis j\u2019ai toujours consid\u00e9r\u00e9 qu\u2019une part importante du travail photographique se r\u00e9alisait en chambre noire (aujourd\u2019hui sur informatique). La vision du photographe ne prend corps qu\u2019au moment o\u00f9 il d\u00e9veloppe son n\u00e9gatif. Lorsque j\u2019ai \u00e9t\u00e9 en \u00e2ge de manipuler un appareil reflex mon p\u00e8re m\u2019a transmis son MINOLTA SR T101. Il m\u2019a appris toutes les bases de la prise de vue, du cadrage \u00e0 la mise au point en passant par la profondeur de champ. J\u2019ai tr\u00e8s vite adopt\u00e9 le Noir et Blanc qui reste aujourd\u2019hui mon domaine de pr\u00e9dilection. Le passage au num\u00e9rique fut pour moi une promesse de cr\u00e9ativit\u00e9 infinie. Avoir acc\u00e8s \u00e0 la technique photographique professionnelle sans supporter le co\u00fbt n\u00e9cessaire \u00e0 un studio de d\u00e9veloppement a \u00e9t\u00e9 d\u00e9cisif. A pr\u00e9sent je travaille la plupart de mes images en noir et blanc m\u00eame s\u2019il m\u2019arrive de produire des clich\u00e9s couleur lorsque le sujet s\u2019y pr\u00eate. Je me suis sp\u00e9cialis\u00e9 dans la photographie FINE ART, influenc\u00e9 par de grands photographes comme Sebastiao Salgado, Ansel Adams, Robert Mapplethorp, Raymond Depardon, Robert Capa, Joel tjintjelaar, JuliabAnna Gospodarou. Mais, mes influences ne sont pas que photographiques. Je suis musicien et cin\u00e9phile depuis le plus jeune \u00e2ge et de grands artistes comme Fritz Lang, Terence Malick, Martin Scorese, Stanley Kubrick, P.T. Anderson, Wes Anderson, Franck Zappa, Pink floyd, Radiohead, Alain Bashung influencent de mani\u00e8re importante mon travail.<\/div>\n<div class=\"one_half last\"><\/div>\n<p><br class=\"clear\"\/><\/div>\n<\/div>\n<\/div>\n","protected":false},"excerpt":{"rendered":"<p>N\u00e9 \u00e0 Paris en 1975, Je suis issu d\u2019une famille franco-allemande. Une enfance pass\u00e9e dans diff\u00e9rentes villes comme Paris, Munich, Marseille, Boston, Bormes les Mimosas me donne le sentiment d\u2019\u00eatre cosmopolite. Je pratique la photographie depuis l\u2019\u00e2ge de 11 ans. J\u2019ai re\u00e7u mon premier appareil, un Konica C35EF3, le jour de mon anniversaire cette ann\u00e9e [&hellip;]<\/p>\n","protected":false},"author":1,"featured_media":0,"parent":0,"menu_order":0,"comment_status":"open","ping_status":"open","template":"","meta":{"footnotes":""},"class_list":["post-20","page","type-page","status-publish","hentry"],"yoast_head":"<!-- This site is optimized with the Yoast SEO plugin v25.2 - https:\/\/yoast.com\/wordpress\/plugins\/seo\/ -->\n<title>A Propos - Biographie selective - Stephane Runde Photographie<\/title>\n<meta name=\"description\" content=\"Biographie S\u00e9lective, influences, inspirations, sp\u00e9cialisations, photographie, noir et blanc, couleur, fine art\" \/>\n<meta name=\"robots\" content=\"index, follow, max-snippet:-1, max-image-preview:large, max-video-preview:-1\" \/>\n<link rel=\"canonical\" href=\"https:\/\/stephane.runde.photography\/fr\/propos\/\" \/>\n<meta property=\"og:locale\" content=\"fr_FR\" \/>\n<meta property=\"og:type\" content=\"article\" \/>\n<meta property=\"og:title\" content=\"A Propos - Biographie selective - Stephane Runde Photographie\" \/>\n<meta property=\"og:description\" content=\"Biographie S\u00e9lective, influences, inspirations, sp\u00e9cialisations, photographie, noir et blanc, couleur, fine art\" \/>\n<meta property=\"og:url\" content=\"https:\/\/stephane.runde.photography\/fr\/propos\/\" \/>\n<meta property=\"og:site_name\" content=\"Stephane Runde Photographie\" \/>\n<meta property=\"article:publisher\" content=\"https:\/\/www.facebook.com\/stephanerundephotography\" \/>\n<meta property=\"article:modified_time\" content=\"2020-09-19T14:57:14+00:00\" \/>\n<meta name=\"twitter:label1\" content=\"Dur\u00e9e de lecture estim\u00e9e\" \/>\n\t<meta name=\"twitter:data1\" content=\"2 minutes\" \/>\n<script type=\"application\/ld+json\" class=\"yoast-schema-graph\">{\"@context\":\"https:\/\/schema.org\",\"@graph\":[{\"@type\":\"WebPage\",\"@id\":\"https:\/\/stephane.runde.photography\/fr\/propos\/\",\"url\":\"https:\/\/stephane.runde.photography\/fr\/propos\/\",\"name\":\"A Propos - Biographie selective - Stephane Runde Photographie\",\"isPartOf\":{\"@id\":\"https:\/\/stephane.runde.photography\/fr\/#website\"},\"datePublished\":\"2015-01-09T10:25:21+00:00\",\"dateModified\":\"2020-09-19T14:57:14+00:00\",\"description\":\"Biographie S\u00e9lective, influences, inspirations, sp\u00e9cialisations, photographie, noir et blanc, couleur, fine art\",\"breadcrumb\":{\"@id\":\"https:\/\/stephane.runde.photography\/fr\/propos\/#breadcrumb\"},\"inLanguage\":\"fr-FR\",\"potentialAction\":[{\"@type\":\"ReadAction\",\"target\":[\"https:\/\/stephane.runde.photography\/fr\/propos\/\"]}]},{\"@type\":\"BreadcrumbList\",\"@id\":\"https:\/\/stephane.runde.photography\/fr\/propos\/#breadcrumb\",\"itemListElement\":[{\"@type\":\"ListItem\",\"position\":1,\"name\":\"Accueil\",\"item\":\"https:\/\/stephane.runde.photography\/fr\/\"},{\"@type\":\"ListItem\",\"position\":2,\"name\":\"A Propos &#8211; Biographie selective\"}]},{\"@type\":\"WebSite\",\"@id\":\"https:\/\/stephane.runde.photography\/fr\/#website\",\"url\":\"https:\/\/stephane.runde.photography\/fr\/\",\"name\":\"Stephane Runde Photographie\",\"description\":\"Photographie Fine Art Noir et Blanc, Couleur\",\"potentialAction\":[{\"@type\":\"SearchAction\",\"target\":{\"@type\":\"EntryPoint\",\"urlTemplate\":\"https:\/\/stephane.runde.photography\/fr\/?s={search_term_string}\"},\"query-input\":{\"@type\":\"PropertyValueSpecification\",\"valueRequired\":true,\"valueName\":\"search_term_string\"}}],\"inLanguage\":\"fr-FR\"}]}<\/script>\n<!-- \/ Yoast SEO plugin. -->","yoast_head_json":{"title":"A Propos - Biographie selective - Stephane Runde Photographie","description":"Biographie S\u00e9lective, influences, inspirations, sp\u00e9cialisations, photographie, noir et blanc, couleur, fine art","robots":{"index":"index","follow":"follow","max-snippet":"max-snippet:-1","max-image-preview":"max-image-preview:large","max-video-preview":"max-video-preview:-1"},"canonical":"https:\/\/stephane.runde.photography\/fr\/propos\/","og_locale":"fr_FR","og_type":"article","og_title":"A Propos - Biographie selective - Stephane Runde Photographie","og_description":"Biographie S\u00e9lective, influences, inspirations, sp\u00e9cialisations, photographie, noir et blanc, couleur, fine art","og_url":"https:\/\/stephane.runde.photography\/fr\/propos\/","og_site_name":"Stephane Runde Photographie","article_publisher":"https:\/\/www.facebook.com\/stephanerundephotography","article_modified_time":"2020-09-19T14:57:14+00:00","twitter_misc":{"Dur\u00e9e de lecture estim\u00e9e":"2 minutes"},"schema":{"@context":"https:\/\/schema.org","@graph":[{"@type":"WebPage","@id":"https:\/\/stephane.runde.photography\/fr\/propos\/","url":"https:\/\/stephane.runde.photography\/fr\/propos\/","name":"A Propos - Biographie selective - Stephane Runde Photographie","isPartOf":{"@id":"https:\/\/stephane.runde.photography\/fr\/#website"},"datePublished":"2015-01-09T10:25:21+00:00","dateModified":"2020-09-19T14:57:14+00:00","description":"Biographie S\u00e9lective, influences, inspirations, sp\u00e9cialisations, photographie, noir et blanc, couleur, fine art","breadcrumb":{"@id":"https:\/\/stephane.runde.photography\/fr\/propos\/#breadcrumb"},"inLanguage":"fr-FR","potentialAction":[{"@type":"ReadAction","target":["https:\/\/stephane.runde.photography\/fr\/propos\/"]}]},{"@type":"BreadcrumbList","@id":"https:\/\/stephane.runde.photography\/fr\/propos\/#breadcrumb","itemListElement":[{"@type":"ListItem","position":1,"name":"Accueil","item":"https:\/\/stephane.runde.photography\/fr\/"},{"@type":"ListItem","position":2,"name":"A Propos &#8211; Biographie selective"}]},{"@type":"WebSite","@id":"https:\/\/stephane.runde.photography\/fr\/#website","url":"https:\/\/stephane.runde.photography\/fr\/","name":"Stephane Runde Photographie","description":"Photographie Fine Art Noir et Blanc, Couleur","potentialAction":[{"@type":"SearchAction","target":{"@type":"EntryPoint","urlTemplate":"https:\/\/stephane.runde.photography\/fr\/?s={search_term_string}"},"query-input":{"@type":"PropertyValueSpecification","valueRequired":true,"valueName":"search_term_string"}}],"inLanguage":"fr-FR"}]}},"_links":{"self":[{"href":"https:\/\/stephane.runde.photography\/fr\/wp-json\/wp\/v2\/pages\/20","targetHints":{"allow":["GET"]}}],"collection":[{"href":"https:\/\/stephane.runde.photography\/fr\/wp-json\/wp\/v2\/pages"}],"about":[{"href":"https:\/\/stephane.runde.photography\/fr\/wp-json\/wp\/v2\/types\/page"}],"author":[{"embeddable":true,"href":"https:\/\/stephane.runde.photography\/fr\/wp-json\/wp\/v2\/users\/1"}],"replies":[{"embeddable":true,"href":"https:\/\/stephane.runde.photography\/fr\/wp-json\/wp\/v2\/comments?post=20"}],"version-history":[{"count":107,"href":"https:\/\/stephane.runde.photography\/fr\/wp-json\/wp\/v2\/pages\/20\/revisions"}],"predecessor-version":[{"id":622,"href":"https:\/\/stephane.runde.photography\/fr\/wp-json\/wp\/v2\/pages\/20\/revisions\/622"}],"wp:attachment":[{"href":"https:\/\/stephane.runde.photography\/fr\/wp-json\/wp\/v2\/media?parent=20"}],"curies":[{"name":"wp","href":"https:\/\/api.w.org\/{rel}","templated":true}]}}