{"id":130,"date":"2015-03-18T14:22:58","date_gmt":"2015-03-18T13:22:58","guid":{"rendered":"http:\/\/stephane.runde.photography\/fr\/?page_id=130"},"modified":"2020-09-19T16:27:30","modified_gmt":"2020-09-19T15:27:30","slug":"publications","status":"publish","type":"page","link":"https:\/\/stephane.runde.photography\/fr\/publications\/","title":{"rendered":"Publications"},"content":{"rendered":"<div class=\"one\" >\n<div class=\"page_content_wrapper\">\n<div class=\"inner\">\n<div class=\"one_half content_middle animate textright\"><a href=\"http:\/\/stephane.runde.photography\/en\/?attachment_id=54\"><b><font style=\"text-decoration: underline;\">BLACK DIAMOND<\/a><\/font><\/b>\u00a0a \u00e9t\u00e9 publi\u00e9 dans l&#8217;\u00e9dition sp\u00e9ciale Camerapixo (en)Visionography&#x2122; magazine de novembre 2014.<\/p>\n<p>Acc\u00e8s \u00e0 l&#8217;\u00e9dition num\u00e9rique du magazine ci-dessous.<\/p>\n<p>Achat de la version papier <span style=\"text-decoration: underline;\"><strong><a href=\"http:\/\/www.peecho.com\/sps\/14210903223114968\/91975-FINEART%2001%20GLOSSY%20COVER\" target=\"_blank\" rel=\"noopener noreferrer\">ICI<\/a><\/strong><\/span>.<\/div>\n<div class=\"one_half last\"><\/div>\n<p><br class=\"clear\"\/><\/div>\n<\/div>\n<\/div>\n<div class=\"one\" >\n<div class=\"page_content_wrapper\">\n<div class=\"inner\">\n<h2 class=\"ppb_title\">Camerapixo ISSUU FINEART 01<\/h2>\n<\/p>\n<table>\n<tr>\n<td width=\"220px\"><\/td>\n<td>\n<div data-configid=\"0\/11222608\" style=\"width:525px; height:197px;\" class=\"issuuembed\"><\/div>\n<p><script type=\"text\/javascript\" src=\"\/\/e.issuu.com\/embed.js\" async=\"true\"><\/script><\/td>\n<\/tr>\n<\/table>\n<\/div>\n<\/div>\n<\/div>\n<div class=\"one\" >\n<div class=\"page_content_wrapper\">\n<div class=\"inner\">\n<div class=\"one_half content_middle animate textright\"><a href=\"http:\/\/stephane.runde.photography\/fr\/wp-content\/uploads\/sites\/2\/2015\/01\/DSC_4420_DxO_Photoshop.jpg\"><b><font style=\"text-decoration: underline;\">SURROUNDED MAJOR<\/a><\/font><\/b>\u00a0a \u00e9t\u00e9 publi\u00e9 dans l&#8217;\u00e9dition  Camerapixo magazine FINEART 2.<\/p>\n<p>La photo fait partie de la s\u00e9lection de l&#8217;\u00e9diteur pour ce num\u00e9ro:<b> &#8220;Camerapixo Editor&#8217;s Choice&#8221;<\/b><\/p>\n<p>Acc\u00e8s \u00e0 l&#8217;\u00e9dition num\u00e9rique du magazine ci-dessous.<\/p>\n<p>Achat de la version papier <span style=\"text-decoration: underline;\"><strong><a href=\"http:\/\/www.peecho.com\/sps\/14210903223114968\/100843-FINEART%2002%20GLOSSY\" target=\"_blank\" rel=\"noopener noreferrer\">ICI<\/a><\/strong><\/span>.<\/div>\n<div class=\"one_half last\"><\/div>\n<p><br class=\"clear\"\/><\/div>\n<\/div>\n<\/div>\n<div class=\"one\" >\n<div class=\"page_content_wrapper\">\n<div class=\"inner\">\n<h2 class=\"ppb_title\">Camerapixo ISSUU FINEART 02<\/h2>\n<\/p>\n<table>\n<tr>\n<td width=\"220px\"><\/td>\n<td>\n<div data-configid=\"0\/11780933\" style=\"width:525px; height:197px;\" class=\"issuuembed\"><\/div>\n<p><script type=\"text\/javascript\" src=\"\/\/e.issuu.com\/embed.js\" async=\"true\"><\/script><\/td>\n<\/tr>\n<\/table>\n<\/div>\n<\/div>\n<\/div>\n","protected":false},"excerpt":{"rendered":"<p>BLACK DIAMOND\u00a0a \u00e9t\u00e9 publi\u00e9 dans l&#8217;\u00e9dition sp\u00e9ciale Camerapixo (en)Visionography&#x2122; magazine de novembre 2014. Acc\u00e8s \u00e0 l&#8217;\u00e9dition num\u00e9rique du magazine ci-dessous. Achat de la version papier ICI. Camerapixo ISSUU FINEART 01 SURROUNDED MAJOR\u00a0a \u00e9t\u00e9 publi\u00e9 dans l&#8217;\u00e9dition Camerapixo magazine FINEART 2. La photo fait partie de la s\u00e9lection de l&#8217;\u00e9diteur pour ce num\u00e9ro: &#8220;Camerapixo Editor&#8217;s Choice&#8221; [&hellip;]<\/p>\n","protected":false},"author":1,"featured_media":0,"parent":0,"menu_order":0,"comment_status":"open","ping_status":"open","template":"page_f.php","meta":{"footnotes":""},"class_list":["post-130","page","type-page","status-publish","hentry"],"yoast_head":"<!-- This site is optimized with the Yoast SEO plugin v25.2 - https:\/\/yoast.com\/wordpress\/plugins\/seo\/ -->\n<title>Publications - Stephane Runde Photographie<\/title>\n<meta name=\"robots\" content=\"index, follow, max-snippet:-1, max-image-preview:large, max-video-preview:-1\" \/>\n<link rel=\"canonical\" href=\"https:\/\/stephane.runde.photography\/fr\/publications\/\" \/>\n<meta property=\"og:locale\" content=\"fr_FR\" \/>\n<meta property=\"og:type\" content=\"article\" \/>\n<meta property=\"og:title\" content=\"Publications - Stephane Runde Photographie\" \/>\n<meta property=\"og:description\" content=\"BLACK DIAMOND\u00a0a \u00e9t\u00e9 publi\u00e9 dans l&#8217;\u00e9dition sp\u00e9ciale Camerapixo (en)Visionography&#x2122; magazine de novembre 2014. Acc\u00e8s \u00e0 l&#8217;\u00e9dition num\u00e9rique du magazine ci-dessous. Achat de la version papier ICI. Camerapixo ISSUU FINEART 01 SURROUNDED MAJOR\u00a0a \u00e9t\u00e9 publi\u00e9 dans l&#8217;\u00e9dition Camerapixo magazine FINEART 2. La photo fait partie de la s\u00e9lection de l&#8217;\u00e9diteur pour ce num\u00e9ro: &#8220;Camerapixo Editor&#8217;s Choice&#8221; [&hellip;]\" \/>\n<meta property=\"og:url\" content=\"https:\/\/stephane.runde.photography\/fr\/publications\/\" \/>\n<meta property=\"og:site_name\" content=\"Stephane Runde Photographie\" \/>\n<meta property=\"article:publisher\" content=\"https:\/\/www.facebook.com\/stephanerundephotography\" \/>\n<meta property=\"article:modified_time\" content=\"2020-09-19T15:27:30+00:00\" \/>\n<script type=\"application\/ld+json\" class=\"yoast-schema-graph\">{\"@context\":\"https:\/\/schema.org\",\"@graph\":[{\"@type\":\"WebPage\",\"@id\":\"https:\/\/stephane.runde.photography\/fr\/publications\/\",\"url\":\"https:\/\/stephane.runde.photography\/fr\/publications\/\",\"name\":\"Publications - Stephane Runde Photographie\",\"isPartOf\":{\"@id\":\"https:\/\/stephane.runde.photography\/fr\/#website\"},\"datePublished\":\"2015-03-18T13:22:58+00:00\",\"dateModified\":\"2020-09-19T15:27:30+00:00\",\"breadcrumb\":{\"@id\":\"https:\/\/stephane.runde.photography\/fr\/publications\/#breadcrumb\"},\"inLanguage\":\"fr-FR\",\"potentialAction\":[{\"@type\":\"ReadAction\",\"target\":[\"https:\/\/stephane.runde.photography\/fr\/publications\/\"]}]},{\"@type\":\"BreadcrumbList\",\"@id\":\"https:\/\/stephane.runde.photography\/fr\/publications\/#breadcrumb\",\"itemListElement\":[{\"@type\":\"ListItem\",\"position\":1,\"name\":\"Accueil\",\"item\":\"https:\/\/stephane.runde.photography\/fr\/\"},{\"@type\":\"ListItem\",\"position\":2,\"name\":\"Publications\"}]},{\"@type\":\"WebSite\",\"@id\":\"https:\/\/stephane.runde.photography\/fr\/#website\",\"url\":\"https:\/\/stephane.runde.photography\/fr\/\",\"name\":\"Stephane Runde Photographie\",\"description\":\"Photographie Fine Art Noir et Blanc, Couleur\",\"potentialAction\":[{\"@type\":\"SearchAction\",\"target\":{\"@type\":\"EntryPoint\",\"urlTemplate\":\"https:\/\/stephane.runde.photography\/fr\/?s={search_term_string}\"},\"query-input\":{\"@type\":\"PropertyValueSpecification\",\"valueRequired\":true,\"valueName\":\"search_term_string\"}}],\"inLanguage\":\"fr-FR\"}]}<\/script>\n<!-- \/ Yoast SEO plugin. -->","yoast_head_json":{"title":"Publications - Stephane Runde Photographie","robots":{"index":"index","follow":"follow","max-snippet":"max-snippet:-1","max-image-preview":"max-image-preview:large","max-video-preview":"max-video-preview:-1"},"canonical":"https:\/\/stephane.runde.photography\/fr\/publications\/","og_locale":"fr_FR","og_type":"article","og_title":"Publications - Stephane Runde Photographie","og_description":"BLACK DIAMOND\u00a0a \u00e9t\u00e9 publi\u00e9 dans l&#8217;\u00e9dition sp\u00e9ciale Camerapixo (en)Visionography&#x2122; magazine de novembre 2014. Acc\u00e8s \u00e0 l&#8217;\u00e9dition num\u00e9rique du magazine ci-dessous. Achat de la version papier ICI. Camerapixo ISSUU FINEART 01 SURROUNDED MAJOR\u00a0a \u00e9t\u00e9 publi\u00e9 dans l&#8217;\u00e9dition Camerapixo magazine FINEART 2. La photo fait partie de la s\u00e9lection de l&#8217;\u00e9diteur pour ce num\u00e9ro: &#8220;Camerapixo Editor&#8217;s Choice&#8221; [&hellip;]","og_url":"https:\/\/stephane.runde.photography\/fr\/publications\/","og_site_name":"Stephane Runde Photographie","article_publisher":"https:\/\/www.facebook.com\/stephanerundephotography","article_modified_time":"2020-09-19T15:27:30+00:00","schema":{"@context":"https:\/\/schema.org","@graph":[{"@type":"WebPage","@id":"https:\/\/stephane.runde.photography\/fr\/publications\/","url":"https:\/\/stephane.runde.photography\/fr\/publications\/","name":"Publications - Stephane Runde Photographie","isPartOf":{"@id":"https:\/\/stephane.runde.photography\/fr\/#website"},"datePublished":"2015-03-18T13:22:58+00:00","dateModified":"2020-09-19T15:27:30+00:00","breadcrumb":{"@id":"https:\/\/stephane.runde.photography\/fr\/publications\/#breadcrumb"},"inLanguage":"fr-FR","potentialAction":[{"@type":"ReadAction","target":["https:\/\/stephane.runde.photography\/fr\/publications\/"]}]},{"@type":"BreadcrumbList","@id":"https:\/\/stephane.runde.photography\/fr\/publications\/#breadcrumb","itemListElement":[{"@type":"ListItem","position":1,"name":"Accueil","item":"https:\/\/stephane.runde.photography\/fr\/"},{"@type":"ListItem","position":2,"name":"Publications"}]},{"@type":"WebSite","@id":"https:\/\/stephane.runde.photography\/fr\/#website","url":"https:\/\/stephane.runde.photography\/fr\/","name":"Stephane Runde Photographie","description":"Photographie Fine Art Noir et Blanc, Couleur","potentialAction":[{"@type":"SearchAction","target":{"@type":"EntryPoint","urlTemplate":"https:\/\/stephane.runde.photography\/fr\/?s={search_term_string}"},"query-input":{"@type":"PropertyValueSpecification","valueRequired":true,"valueName":"search_term_string"}}],"inLanguage":"fr-FR"}]}},"_links":{"self":[{"href":"https:\/\/stephane.runde.photography\/fr\/wp-json\/wp\/v2\/pages\/130","targetHints":{"allow":["GET"]}}],"collection":[{"href":"https:\/\/stephane.runde.photography\/fr\/wp-json\/wp\/v2\/pages"}],"about":[{"href":"https:\/\/stephane.runde.photography\/fr\/wp-json\/wp\/v2\/types\/page"}],"author":[{"embeddable":true,"href":"https:\/\/stephane.runde.photography\/fr\/wp-json\/wp\/v2\/users\/1"}],"replies":[{"embeddable":true,"href":"https:\/\/stephane.runde.photography\/fr\/wp-json\/wp\/v2\/comments?post=130"}],"version-history":[{"count":59,"href":"https:\/\/stephane.runde.photography\/fr\/wp-json\/wp\/v2\/pages\/130\/revisions"}],"predecessor-version":[{"id":660,"href":"https:\/\/stephane.runde.photography\/fr\/wp-json\/wp\/v2\/pages\/130\/revisions\/660"}],"wp:attachment":[{"href":"https:\/\/stephane.runde.photography\/fr\/wp-json\/wp\/v2\/media?parent=130"}],"curies":[{"name":"wp","href":"https:\/\/api.w.org\/{rel}","templated":true}]}}