{"id":127,"date":"2015-03-18T11:25:08","date_gmt":"2015-03-18T10:25:08","guid":{"rendered":"http:\/\/stephane.runde.photography\/fr\/?page_id=127"},"modified":"2020-09-19T15:59:06","modified_gmt":"2020-09-19T14:59:06","slug":"recompenses","status":"publish","type":"page","link":"https:\/\/stephane.runde.photography\/fr\/recompenses\/","title":{"rendered":"R\u00e9compenses"},"content":{"rendered":"<div class=\"one\" style=\"background-color: #E8E8EA;\" >\n<div class=\"page_content_wrapper\">\n<div class=\"inner\">\n<div class=\"one_half content_middle animate textright\"><a href=\"http:\/\/stephane.runde.photography\/en\/?attachment_id=54\"><b><font style=\"text-decoration: underline;\">BLACK DIAMOND<\/a><\/font><\/b>\u00a0fait partie des photographies qui ont remport\u00e9s le concours (en)Visionography&#x2122; B&#038;W Fine Art Photography Contest (Octobre 2014).<\/p>\n<p>Lien vers les r\u00e8gles et r\u00e9sultats du concours <a href=\"http:\/\/blog.juliaannagospodarou.com\/envisionography-contest\/\" target=\"_blank\" rel=\"noopener noreferrer\"><b><font style=\"text-decoration: underline;\">ICI.<\/a><\/font><\/b><\/p>\n<p>Qu&#8217;est ce que l'(en)Visionography&#x2122; ? Apprenez en plus <a href=\"http:\/\/www.juliaannagospodarou.com\/Pages\/EnVisionography\" target=\"_blank\" rel=\"noopener noreferrer\"><b><font style=\"text-decoration: underline;\">ICI.<\/a><\/font><\/b><\/div>\n<div class=\"one_half last\">\n<div class=\"image_classic_frame expand animate\">\n<div class=\"image_wrapper\"><a href=\"https:\/\/stephane.runde.photography\/fr\/wp-content\/uploads\/sites\/2\/2020\/09\/camerapixo-fine-art-award.jpg\" class=\"img_frame\"><img decoding=\"async\" src=\"https:\/\/stephane.runde.photography\/fr\/wp-content\/uploads\/sites\/2\/2020\/09\/camerapixo-fine-art-award.jpg\" alt=\"Camerapixo Fine Art Award\" class=\"portfolio_img\"\/><\/a><\/div>\n<\/div>\n<\/div>\n<p><br class=\"clear\"\/><\/div>\n<\/div>\n<\/div>\n","protected":false},"excerpt":{"rendered":"<p>BLACK DIAMOND\u00a0fait partie des photographies qui ont remport\u00e9s le concours (en)Visionography&#x2122; B&#038;W Fine Art Photography Contest (Octobre 2014). Lien vers les r\u00e8gles et r\u00e9sultats du concours ICI. Qu&#8217;est ce que l'(en)Visionography&#x2122; ? Apprenez en plus ICI.<\/p>\n","protected":false},"author":1,"featured_media":0,"parent":0,"menu_order":0,"comment_status":"open","ping_status":"open","template":"","meta":{"footnotes":""},"class_list":["post-127","page","type-page","status-publish","hentry"],"yoast_head":"<!-- This site is optimized with the Yoast SEO plugin v25.2 - https:\/\/yoast.com\/wordpress\/plugins\/seo\/ -->\n<title>R\u00e9compenses - Stephane Runde Photographie<\/title>\n<meta name=\"robots\" content=\"index, follow, max-snippet:-1, max-image-preview:large, max-video-preview:-1\" \/>\n<link rel=\"canonical\" href=\"https:\/\/stephane.runde.photography\/fr\/recompenses\/\" \/>\n<meta property=\"og:locale\" content=\"fr_FR\" \/>\n<meta property=\"og:type\" content=\"article\" \/>\n<meta property=\"og:title\" content=\"R\u00e9compenses - Stephane Runde Photographie\" \/>\n<meta property=\"og:description\" content=\"BLACK DIAMOND\u00a0fait partie des photographies qui ont remport\u00e9s le concours (en)Visionography&#x2122; B&#038;W Fine Art Photography Contest (Octobre 2014). Lien vers les r\u00e8gles et r\u00e9sultats du concours ICI. Qu&#8217;est ce que l&#039;(en)Visionography&#x2122; ? Apprenez en plus ICI.\" \/>\n<meta property=\"og:url\" content=\"https:\/\/stephane.runde.photography\/fr\/recompenses\/\" \/>\n<meta property=\"og:site_name\" content=\"Stephane Runde Photographie\" \/>\n<meta property=\"article:publisher\" content=\"https:\/\/www.facebook.com\/stephanerundephotography\" \/>\n<meta property=\"article:modified_time\" content=\"2020-09-19T14:59:06+00:00\" \/>\n<meta property=\"og:image\" content=\"https:\/\/stephane.runde.photography\/fr\/wp-content\/uploads\/sites\/2\/2020\/09\/camerapixo-fine-art-award.jpg\" \/>\n<script type=\"application\/ld+json\" class=\"yoast-schema-graph\">{\"@context\":\"https:\/\/schema.org\",\"@graph\":[{\"@type\":\"WebPage\",\"@id\":\"https:\/\/stephane.runde.photography\/fr\/recompenses\/\",\"url\":\"https:\/\/stephane.runde.photography\/fr\/recompenses\/\",\"name\":\"R\u00e9compenses - Stephane Runde Photographie\",\"isPartOf\":{\"@id\":\"https:\/\/stephane.runde.photography\/fr\/#website\"},\"primaryImageOfPage\":{\"@id\":\"https:\/\/stephane.runde.photography\/fr\/recompenses\/#primaryimage\"},\"image\":{\"@id\":\"https:\/\/stephane.runde.photography\/fr\/recompenses\/#primaryimage\"},\"thumbnailUrl\":\"https:\/\/stephane.runde.photography\/fr\/wp-content\/uploads\/sites\/2\/2020\/09\/camerapixo-fine-art-award.jpg\",\"datePublished\":\"2015-03-18T10:25:08+00:00\",\"dateModified\":\"2020-09-19T14:59:06+00:00\",\"breadcrumb\":{\"@id\":\"https:\/\/stephane.runde.photography\/fr\/recompenses\/#breadcrumb\"},\"inLanguage\":\"fr-FR\",\"potentialAction\":[{\"@type\":\"ReadAction\",\"target\":[\"https:\/\/stephane.runde.photography\/fr\/recompenses\/\"]}]},{\"@type\":\"ImageObject\",\"inLanguage\":\"fr-FR\",\"@id\":\"https:\/\/stephane.runde.photography\/fr\/recompenses\/#primaryimage\",\"url\":\"https:\/\/stephane.runde.photography\/fr\/wp-content\/uploads\/sites\/2\/2020\/09\/camerapixo-fine-art-award.jpg\",\"contentUrl\":\"https:\/\/stephane.runde.photography\/fr\/wp-content\/uploads\/sites\/2\/2020\/09\/camerapixo-fine-art-award.jpg\",\"width\":2048,\"height\":2048,\"caption\":\"Camerapixo Fine Art Award\"},{\"@type\":\"BreadcrumbList\",\"@id\":\"https:\/\/stephane.runde.photography\/fr\/recompenses\/#breadcrumb\",\"itemListElement\":[{\"@type\":\"ListItem\",\"position\":1,\"name\":\"Accueil\",\"item\":\"https:\/\/stephane.runde.photography\/fr\/\"},{\"@type\":\"ListItem\",\"position\":2,\"name\":\"R\u00e9compenses\"}]},{\"@type\":\"WebSite\",\"@id\":\"https:\/\/stephane.runde.photography\/fr\/#website\",\"url\":\"https:\/\/stephane.runde.photography\/fr\/\",\"name\":\"Stephane Runde Photographie\",\"description\":\"Photographie Fine Art Noir et Blanc, Couleur\",\"potentialAction\":[{\"@type\":\"SearchAction\",\"target\":{\"@type\":\"EntryPoint\",\"urlTemplate\":\"https:\/\/stephane.runde.photography\/fr\/?s={search_term_string}\"},\"query-input\":{\"@type\":\"PropertyValueSpecification\",\"valueRequired\":true,\"valueName\":\"search_term_string\"}}],\"inLanguage\":\"fr-FR\"}]}<\/script>\n<!-- \/ Yoast SEO plugin. -->","yoast_head_json":{"title":"R\u00e9compenses - Stephane Runde Photographie","robots":{"index":"index","follow":"follow","max-snippet":"max-snippet:-1","max-image-preview":"max-image-preview:large","max-video-preview":"max-video-preview:-1"},"canonical":"https:\/\/stephane.runde.photography\/fr\/recompenses\/","og_locale":"fr_FR","og_type":"article","og_title":"R\u00e9compenses - Stephane Runde Photographie","og_description":"BLACK DIAMOND\u00a0fait partie des photographies qui ont remport\u00e9s le concours (en)Visionography&#x2122; B&#038;W Fine Art Photography Contest (Octobre 2014). Lien vers les r\u00e8gles et r\u00e9sultats du concours ICI. Qu&#8217;est ce que l'(en)Visionography&#x2122; ? Apprenez en plus ICI.","og_url":"https:\/\/stephane.runde.photography\/fr\/recompenses\/","og_site_name":"Stephane Runde Photographie","article_publisher":"https:\/\/www.facebook.com\/stephanerundephotography","article_modified_time":"2020-09-19T14:59:06+00:00","og_image":[{"url":"https:\/\/stephane.runde.photography\/fr\/wp-content\/uploads\/sites\/2\/2020\/09\/camerapixo-fine-art-award.jpg","type":"","width":"","height":""}],"schema":{"@context":"https:\/\/schema.org","@graph":[{"@type":"WebPage","@id":"https:\/\/stephane.runde.photography\/fr\/recompenses\/","url":"https:\/\/stephane.runde.photography\/fr\/recompenses\/","name":"R\u00e9compenses - Stephane Runde Photographie","isPartOf":{"@id":"https:\/\/stephane.runde.photography\/fr\/#website"},"primaryImageOfPage":{"@id":"https:\/\/stephane.runde.photography\/fr\/recompenses\/#primaryimage"},"image":{"@id":"https:\/\/stephane.runde.photography\/fr\/recompenses\/#primaryimage"},"thumbnailUrl":"https:\/\/stephane.runde.photography\/fr\/wp-content\/uploads\/sites\/2\/2020\/09\/camerapixo-fine-art-award.jpg","datePublished":"2015-03-18T10:25:08+00:00","dateModified":"2020-09-19T14:59:06+00:00","breadcrumb":{"@id":"https:\/\/stephane.runde.photography\/fr\/recompenses\/#breadcrumb"},"inLanguage":"fr-FR","potentialAction":[{"@type":"ReadAction","target":["https:\/\/stephane.runde.photography\/fr\/recompenses\/"]}]},{"@type":"ImageObject","inLanguage":"fr-FR","@id":"https:\/\/stephane.runde.photography\/fr\/recompenses\/#primaryimage","url":"https:\/\/stephane.runde.photography\/fr\/wp-content\/uploads\/sites\/2\/2020\/09\/camerapixo-fine-art-award.jpg","contentUrl":"https:\/\/stephane.runde.photography\/fr\/wp-content\/uploads\/sites\/2\/2020\/09\/camerapixo-fine-art-award.jpg","width":2048,"height":2048,"caption":"Camerapixo Fine Art Award"},{"@type":"BreadcrumbList","@id":"https:\/\/stephane.runde.photography\/fr\/recompenses\/#breadcrumb","itemListElement":[{"@type":"ListItem","position":1,"name":"Accueil","item":"https:\/\/stephane.runde.photography\/fr\/"},{"@type":"ListItem","position":2,"name":"R\u00e9compenses"}]},{"@type":"WebSite","@id":"https:\/\/stephane.runde.photography\/fr\/#website","url":"https:\/\/stephane.runde.photography\/fr\/","name":"Stephane Runde Photographie","description":"Photographie Fine Art Noir et Blanc, Couleur","potentialAction":[{"@type":"SearchAction","target":{"@type":"EntryPoint","urlTemplate":"https:\/\/stephane.runde.photography\/fr\/?s={search_term_string}"},"query-input":{"@type":"PropertyValueSpecification","valueRequired":true,"valueName":"search_term_string"}}],"inLanguage":"fr-FR"}]}},"_links":{"self":[{"href":"https:\/\/stephane.runde.photography\/fr\/wp-json\/wp\/v2\/pages\/127","targetHints":{"allow":["GET"]}}],"collection":[{"href":"https:\/\/stephane.runde.photography\/fr\/wp-json\/wp\/v2\/pages"}],"about":[{"href":"https:\/\/stephane.runde.photography\/fr\/wp-json\/wp\/v2\/types\/page"}],"author":[{"embeddable":true,"href":"https:\/\/stephane.runde.photography\/fr\/wp-json\/wp\/v2\/users\/1"}],"replies":[{"embeddable":true,"href":"https:\/\/stephane.runde.photography\/fr\/wp-json\/wp\/v2\/comments?post=127"}],"version-history":[{"count":2,"href":"https:\/\/stephane.runde.photography\/fr\/wp-json\/wp\/v2\/pages\/127\/revisions"}],"predecessor-version":[{"id":623,"href":"https:\/\/stephane.runde.photography\/fr\/wp-json\/wp\/v2\/pages\/127\/revisions\/623"}],"wp:attachment":[{"href":"https:\/\/stephane.runde.photography\/fr\/wp-json\/wp\/v2\/media?parent=127"}],"curies":[{"name":"wp","href":"https:\/\/api.w.org\/{rel}","templated":true}]}}